{"id":712,"date":"2023-08-31T13:40:29","date_gmt":"2023-08-31T13:40:29","guid":{"rendered":"https:\/\/opositif.ca\/?page_id=712"},"modified":"2023-08-31T13:42:31","modified_gmt":"2023-08-31T13:42:31","slug":"staff","status":"publish","type":"page","link":"https:\/\/opositif.ca\/en\/staff\/","title":{"rendered":"Staff"},"content":{"rendered":"\t\t<div data-elementor-type=\"wp-page\" data-elementor-id=\"712\" class=\"elementor elementor-712\">\n\t\t\t\t\t\t\t\t\t<section class=\"elementor-section elementor-top-section elementor-element elementor-element-b909315 elementor-section-boxed elementor-section-height-default elementor-section-height-default\" data-id=\"b909315\" data-element_type=\"section\">\n\t\t\t\t\t\t<div class=\"elementor-container elementor-column-gap-default\">\n\t\t\t\t\t<div class=\"elementor-column elementor-col-33 elementor-top-column elementor-element elementor-element-600732a\" data-id=\"600732a\" data-element_type=\"column\">\n\t\t\t<div class=\"elementor-widget-wrap\">\n\t\t\t\t\t\t\t\t\t<\/div>\n\t\t<\/div>\n\t\t\t\t<div class=\"elementor-column elementor-col-33 elementor-top-column elementor-element elementor-element-05af888\" data-id=\"05af888\" data-element_type=\"column\">\n\t\t\t<div class=\"elementor-widget-wrap elementor-element-populated\">\n\t\t\t\t\t\t\t\t<div class=\"elementor-element elementor-element-8ef69cd elementor-widget elementor-widget-booknetic-signin\" data-id=\"8ef69cd\" data-element_type=\"widget\" data-widget_type=\"booknetic-signin.default\">\n\t\t\t\t<div class=\"elementor-widget-container\">\n\t\t\t<div id=\"bookneticSignInElementorContainer\">\n<div class=\"booknetic_login\">\n\t<div class=\"booknetic_header\">Sign In<\/div>\n\t<form class=\"booknetic_form\">\n\t\t<div class=\"booknetic_form_element\">\n\t\t\t<label for=\"booknetic_email\">Username or Email Address<\/label>\n\t\t\t<input type=\"text\" id=\"booknetic_email\" name=\"email\">\n\t\t<\/div>\n\t\t<div class=\"booknetic_form_element\">\n\t\t\t<label for=\"booknetic_password\">Password<\/label>\n\t\t\t<input type=\"password\" id=\"booknetic_password\" name=\"password\">\n\t\t<\/div>\n\t\t<div>\n            <div class=\"booknetic_form_element\"><a href=\"https:\/\/opositif.ca\/en\/staff\/\" class=\"booknetic_forgot_password\"><img src=\"https:\/\/opositif.ca\/wp-content\/plugins\/booknetic\/app\/Frontend\/assets\/icons\/question.svg\" alt=\"?\"><span>Forgot password?<\/span><\/a><\/div>\n\t\t\t<button type=\"submit\" class=\"booknetic_btn_primary booknetic_login_btn\">SIGN IN<\/button>\n\t\t<\/div>\n\t<\/form>\n\t<div class=\"booknetic_footer\">\n        <span>Don&#039;t have an account?<\/span>\n        <a href=\"https:\/\/opositif.ca\/en\/staff\/\">Sign up<\/a>\n\t<\/div>\n<\/div>\n<\/div>\t\t<\/div>\n\t\t\t\t<\/div>\n\t\t\t\t\t<\/div>\n\t\t<\/div>\n\t\t\t\t<div class=\"elementor-column elementor-col-33 elementor-top-column elementor-element elementor-element-c6fa49b\" data-id=\"c6fa49b\" data-element_type=\"column\">\n\t\t\t<div class=\"elementor-widget-wrap\">\n\t\t\t\t\t\t\t\t\t<\/div>\n\t\t<\/div>\n\t\t\t\t\t\t\t<\/div>\n\t\t<\/section>\n\t\t\t\t\t\t\t<\/div>\n\t\t","protected":false},"excerpt":{"rendered":"","protected":false},"author":1,"featured_media":0,"parent":0,"menu_order":0,"comment_status":"closed","ping_status":"closed","template":"","meta":[],"yoast_head":"<!-- This site is optimized with the Yoast SEO plugin v20.7 - https:\/\/yoast.com\/wordpress\/plugins\/seo\/ -->\n<title>Staff - Opositif<\/title>\n<meta name=\"robots\" content=\"index, follow, max-snippet:-1, max-image-preview:large, max-video-preview:-1\" \/>\n<link rel=\"canonical\" href=\"https:\/\/opositif.ca\/en\/staff\/\" \/>\n<meta property=\"og:locale\" content=\"en_US\" \/>\n<meta property=\"og:type\" content=\"article\" \/>\n<meta property=\"og:title\" content=\"Staff - Opositif\" \/>\n<meta property=\"og:url\" content=\"https:\/\/opositif.ca\/en\/staff\/\" \/>\n<meta property=\"og:site_name\" content=\"Opositif\" \/>\n<meta property=\"article:modified_time\" content=\"2023-08-31T13:42:31+00:00\" \/>\n<meta name=\"twitter:card\" content=\"summary_large_image\" \/>\n<meta name=\"twitter:label1\" content=\"Est. reading time\" \/>\n\t<meta name=\"twitter:data1\" content=\"1 minute\" \/>\n<script type=\"application\/ld+json\" class=\"yoast-schema-graph\">{\"@context\":\"https:\/\/schema.org\",\"@graph\":[{\"@type\":\"WebPage\",\"@id\":\"https:\/\/opositif.ca\/en\/staff\/\",\"url\":\"https:\/\/opositif.ca\/en\/staff\/\",\"name\":\"Staff - Opositif\",\"isPartOf\":{\"@id\":\"https:\/\/opositif.ca\/#website\"},\"datePublished\":\"2023-08-31T13:40:29+00:00\",\"dateModified\":\"2023-08-31T13:42:31+00:00\",\"breadcrumb\":{\"@id\":\"https:\/\/opositif.ca\/en\/staff\/#breadcrumb\"},\"inLanguage\":\"en-US\",\"potentialAction\":[{\"@type\":\"ReadAction\",\"target\":[\"https:\/\/opositif.ca\/en\/staff\/\"]}]},{\"@type\":\"BreadcrumbList\",\"@id\":\"https:\/\/opositif.ca\/en\/staff\/#breadcrumb\",\"itemListElement\":[{\"@type\":\"ListItem\",\"position\":1,\"name\":\"Home\",\"item\":\"https:\/\/opositif.ca\/en\/\"},{\"@type\":\"ListItem\",\"position\":2,\"name\":\"Staff\"}]},{\"@type\":\"WebSite\",\"@id\":\"https:\/\/opositif.ca\/#website\",\"url\":\"https:\/\/opositif.ca\/\",\"name\":\"Opositif\",\"description\":\"Prises De Sang Et Pr\u00e9l\u00e8vements \u00c0 Domicile\",\"potentialAction\":[{\"@type\":\"SearchAction\",\"target\":{\"@type\":\"EntryPoint\",\"urlTemplate\":\"https:\/\/opositif.ca\/?s={search_term_string}\"},\"query-input\":\"required name=search_term_string\"}],\"inLanguage\":\"en-US\"}]}<\/script>\n<!-- \/ Yoast SEO plugin. -->","yoast_head_json":{"title":"Staff - Opositif","robots":{"index":"index","follow":"follow","max-snippet":"max-snippet:-1","max-image-preview":"max-image-preview:large","max-video-preview":"max-video-preview:-1"},"canonical":"https:\/\/opositif.ca\/en\/staff\/","og_locale":"en_US","og_type":"article","og_title":"Staff - Opositif","og_url":"https:\/\/opositif.ca\/en\/staff\/","og_site_name":"Opositif","article_modified_time":"2023-08-31T13:42:31+00:00","twitter_card":"summary_large_image","twitter_misc":{"Est. reading time":"1 minute"},"schema":{"@context":"https:\/\/schema.org","@graph":[{"@type":"WebPage","@id":"https:\/\/opositif.ca\/en\/staff\/","url":"https:\/\/opositif.ca\/en\/staff\/","name":"Staff - Opositif","isPartOf":{"@id":"https:\/\/opositif.ca\/#website"},"datePublished":"2023-08-31T13:40:29+00:00","dateModified":"2023-08-31T13:42:31+00:00","breadcrumb":{"@id":"https:\/\/opositif.ca\/en\/staff\/#breadcrumb"},"inLanguage":"en-US","potentialAction":[{"@type":"ReadAction","target":["https:\/\/opositif.ca\/en\/staff\/"]}]},{"@type":"BreadcrumbList","@id":"https:\/\/opositif.ca\/en\/staff\/#breadcrumb","itemListElement":[{"@type":"ListItem","position":1,"name":"Home","item":"https:\/\/opositif.ca\/en\/"},{"@type":"ListItem","position":2,"name":"Staff"}]},{"@type":"WebSite","@id":"https:\/\/opositif.ca\/#website","url":"https:\/\/opositif.ca\/","name":"Opositif","description":"Prises De Sang Et Pr\u00e9l\u00e8vements \u00c0 Domicile","potentialAction":[{"@type":"SearchAction","target":{"@type":"EntryPoint","urlTemplate":"https:\/\/opositif.ca\/?s={search_term_string}"},"query-input":"required name=search_term_string"}],"inLanguage":"en-US"}]}},"_links":{"self":[{"href":"https:\/\/opositif.ca\/en\/wp-json\/wp\/v2\/pages\/712"}],"collection":[{"href":"https:\/\/opositif.ca\/en\/wp-json\/wp\/v2\/pages"}],"about":[{"href":"https:\/\/opositif.ca\/en\/wp-json\/wp\/v2\/types\/page"}],"author":[{"embeddable":true,"href":"https:\/\/opositif.ca\/en\/wp-json\/wp\/v2\/users\/1"}],"replies":[{"embeddable":true,"href":"https:\/\/opositif.ca\/en\/wp-json\/wp\/v2\/comments?post=712"}],"version-history":[{"count":4,"href":"https:\/\/opositif.ca\/en\/wp-json\/wp\/v2\/pages\/712\/revisions"}],"predecessor-version":[{"id":716,"href":"https:\/\/opositif.ca\/en\/wp-json\/wp\/v2\/pages\/712\/revisions\/716"}],"wp:attachment":[{"href":"https:\/\/opositif.ca\/en\/wp-json\/wp\/v2\/media?parent=712"}],"curies":[{"name":"wp","href":"https:\/\/api.w.org\/{rel}","templated":true}]}}